{"id":181,"date":"2020-05-07T07:10:07","date_gmt":"2020-05-07T07:10:07","guid":{"rendered":"https:\/\/babelpsi.com\/resonantia\/?page_id=181"},"modified":"2022-07-19T10:20:36","modified_gmt":"2022-07-19T13:20:36","slug":"home","status":"publish","type":"page","link":"https:\/\/babelpsi.com\/resonantia\/","title":{"rendered":"Home"},"content":{"rendered":"\t\t<div data-elementor-type=\"wp-page\" data-elementor-id=\"181\" class=\"elementor elementor-181\">\n\t\t\t\t\t\t<section class=\"elementor-section elementor-top-section elementor-element elementor-element-00f1bbe elementor-section-content-top elementor-section-boxed elementor-section-height-default elementor-section-height-default\" data-id=\"00f1bbe\" data-element_type=\"section\" data-e-type=\"section\">\n\t\t\t\t\t\t<div class=\"elementor-container elementor-column-gap-no\">\n\t\t\t\t\t<div class=\"elementor-column elementor-col-50 elementor-top-column elementor-element elementor-element-e90723c\" data-id=\"e90723c\" data-element_type=\"column\" data-e-type=\"column\">\n\t\t\t<div class=\"elementor-widget-wrap elementor-element-populated\">\n\t\t\t\t\t\t<div class=\"elementor-element elementor-element-89e51ee elementor-widget elementor-widget-text-editor\" data-id=\"89e51ee\" data-element_type=\"widget\" data-e-type=\"widget\" data-widget_type=\"text-editor.default\">\n\t\t\t\t<div class=\"elementor-widget-container\">\n\t\t\t\t\t\t\t\t\t<p><span id=\"docs-internal-guid-4a121c02-7fff-0628-b66d-446859f0a74e\">ISSN<\/span><span id=\"docs-internal-guid-4a121c02-7fff-0628-b66d-446859f0a74e\"> 2796-9940<\/span><\/p>\t\t\t\t\t\t\t\t<\/div>\n\t\t\t\t<\/div>\n\t\t\t\t<div class=\"elementor-element elementor-element-b67360d elementor-widget elementor-widget-heading\" data-id=\"b67360d\" data-element_type=\"widget\" data-e-type=\"widget\" data-widget_type=\"heading.default\">\n\t\t\t\t<div class=\"elementor-widget-container\">\n\t\t\t\t\t<h1 class=\"elementor-heading-title elementor-size-xl\">Publicaci\u00f3n Institucional BabelPsi<\/h1>\t\t\t\t<\/div>\n\t\t\t\t<\/div>\n\t\t\t\t<div class=\"elementor-element elementor-element-61e5f9c elementor-widget elementor-widget-heading\" data-id=\"61e5f9c\" data-element_type=\"widget\" data-e-type=\"widget\" data-widget_type=\"heading.default\">\n\t\t\t\t<div class=\"elementor-widget-container\">\n\t\t\t\t\t<h4 class=\"elementor-heading-title elementor-size-default\">Publication institutionnelle BabelPsy\nInstitutional publication BabelPsy<\/h4>\t\t\t\t<\/div>\n\t\t\t\t<\/div>\n\t\t\t\t<div class=\"elementor-element elementor-element-cd9ad8c elementor-widget-divider--view-line elementor-widget elementor-widget-divider\" data-id=\"cd9ad8c\" data-element_type=\"widget\" data-e-type=\"widget\" data-widget_type=\"divider.default\">\n\t\t\t\t<div class=\"elementor-widget-container\">\n\t\t\t\t\t\t\t<div class=\"elementor-divider\">\n\t\t\t<span class=\"elementor-divider-separator\">\n\t\t\t\t\t\t<\/span>\n\t\t<\/div>\n\t\t\t\t\t\t<\/div>\n\t\t\t\t<\/div>\n\t\t\t\t<div class=\"elementor-element elementor-element-b8ef48d elementor-widget elementor-widget-text-editor\" data-id=\"b8ef48d\" data-element_type=\"widget\" data-e-type=\"widget\" data-widget_type=\"text-editor.default\">\n\t\t\t\t<div class=\"elementor-widget-container\">\n\t\t\t\t\t\t\t\t\t<p style=\"text-align: left;\"><strong><em>Resonantia<\/em><\/strong>\u00a0es una revista digital institucional, interdisciplinaria y multiling\u00fce, de la Comunidad de Pr\u00e1ctica BabelPsi.<\/p><p style=\"text-align: left;\">Al igual que la Comunidad, sus temas de inter\u00e9s giran en torno a la\u00a0<strong><em>Diversidad Cultural<\/em><\/strong>, al\u00a0<strong><em>Multiling\u00fcismo<\/em><\/strong>\u00a0y al<strong>\u00a0<em>Psicoan\u00e1lisis Multifamiliar<\/em><\/strong>.<\/p><p style=\"text-align: left;\">Surge con el objetivo de sumar un nuevo espacio cultural de valor para reflexionar acerca de diversas tem\u00e1ticas.<\/p><p style=\"text-align: left;\">Podemos encontrar art\u00edculos escritos en\u00a0<strong>Espa\u00f1ol<\/strong>,\u00a0<strong>Franc\u00e9s<\/strong>,\u00a0<strong>Ingl\u00e9s<\/strong>\u00a0e\u00a0<strong>Italiano<\/strong>!<\/p>\t\t\t\t\t\t\t\t<\/div>\n\t\t\t\t<\/div>\n\t\t\t\t<div class=\"elementor-element elementor-element-0dd09ba elementor-tablet-align-center elementor-widget elementor-widget-button\" data-id=\"0dd09ba\" data-element_type=\"widget\" data-e-type=\"widget\" data-widget_type=\"button.default\">\n\t\t\t\t<div class=\"elementor-widget-container\">\n\t\t\t\t\t\t\t\t\t<div class=\"elementor-button-wrapper\">\n\t\t\t\t\t<a class=\"elementor-button elementor-button-link elementor-size-sm\" href=\"https:\/\/babelpsi.com\/resonantia\/?page_id=387\" rel=\"nofollow\">\n\t\t\t\t\t\t<span class=\"elementor-button-content-wrapper\">\n\t\t\t\t\t\t\t\t\t<span class=\"elementor-button-text\">Read Online<\/span>\n\t\t\t\t\t<\/span>\n\t\t\t\t\t<\/a>\n\t\t\t\t<\/div>\n\t\t\t\t\t\t\t\t<\/div>\n\t\t\t\t<\/div>\n\t\t\t\t\t<\/div>\n\t\t<\/div>\n\t\t\t\t<div class=\"elementor-column elementor-col-50 elementor-top-column elementor-element elementor-element-3454e1b\" data-id=\"3454e1b\" data-element_type=\"column\" data-e-type=\"column\">\n\t\t\t<div class=\"elementor-widget-wrap elementor-element-populated\">\n\t\t\t\t\t\t<div class=\"elementor-element elementor-element-876a1c6 elementor-widget elementor-widget-image\" data-id=\"876a1c6\" data-element_type=\"widget\" data-e-type=\"widget\" data-widget_type=\"image.default\">\n\t\t\t\t<div class=\"elementor-widget-container\">\n\t\t\t\t\t\t\t\t\t\t\t\t\t\t\t<img decoding=\"async\" src=\"https:\/\/babelpsi.com\/resonantia\/wp-content\/uploads\/2022\/05\/Revista_1.png\" title=\"Revista_Resonantia\" alt=\"Revista_Resonantia\" loading=\"lazy\" \/>\t\t\t\t\t\t\t\t\t\t\t\t\t\t\t<\/div>\n\t\t\t\t<\/div>\n\t\t\t\t\t<\/div>\n\t\t<\/div>\n\t\t\t\t\t<\/div>\n\t\t<\/section>\n\t\t\t\t<section class=\"elementor-section elementor-top-section elementor-element elementor-element-eeb35c8 elementor-section-boxed elementor-section-height-default elementor-section-height-default\" data-id=\"eeb35c8\" data-element_type=\"section\" data-e-type=\"section\" data-settings=\"{&quot;background_background&quot;:&quot;classic&quot;}\">\n\t\t\t\t\t\t<div class=\"elementor-container elementor-column-gap-no\">\n\t\t\t\t\t<div class=\"elementor-column elementor-col-100 elementor-top-column elementor-element elementor-element-aee18cc\" data-id=\"aee18cc\" data-element_type=\"column\" data-e-type=\"column\">\n\t\t\t<div class=\"elementor-widget-wrap elementor-element-populated\">\n\t\t\t\t\t\t<div class=\"elementor-element elementor-element-f1600c7 elementor-widget-divider--view-line elementor-widget elementor-widget-divider\" data-id=\"f1600c7\" data-element_type=\"widget\" data-e-type=\"widget\" data-widget_type=\"divider.default\">\n\t\t\t\t<div class=\"elementor-widget-container\">\n\t\t\t\t\t\t\t<div class=\"elementor-divider\">\n\t\t\t<span class=\"elementor-divider-separator\">\n\t\t\t\t\t\t<\/span>\n\t\t<\/div>\n\t\t\t\t\t\t<\/div>\n\t\t\t\t<\/div>\n\t\t\t\t<div class=\"elementor-element elementor-element-7fb4d36 elementor-widget elementor-widget-heading\" data-id=\"7fb4d36\" data-element_type=\"widget\" data-e-type=\"widget\" data-widget_type=\"heading.default\">\n\t\t\t\t<div class=\"elementor-widget-container\">\n\t\t\t\t\t<h4 class=\"elementor-heading-title elementor-size-large\">\"Resonancia: sonido elemental que, con otros, acompa\u00f1a al principal y comunica un timbre particular a cada voz\"<\/h4>\t\t\t\t<\/div>\n\t\t\t\t<\/div>\n\t\t\t\t<div class=\"elementor-element elementor-element-b53006c elementor-widget-divider--view-line elementor-widget elementor-widget-divider\" data-id=\"b53006c\" data-element_type=\"widget\" data-e-type=\"widget\" data-widget_type=\"divider.default\">\n\t\t\t\t<div class=\"elementor-widget-container\">\n\t\t\t\t\t\t\t<div class=\"elementor-divider\">\n\t\t\t<span class=\"elementor-divider-separator\">\n\t\t\t\t\t\t<\/span>\n\t\t<\/div>\n\t\t\t\t\t\t<\/div>\n\t\t\t\t<\/div>\n\t\t\t\t\t<\/div>\n\t\t<\/div>\n\t\t\t\t\t<\/div>\n\t\t<\/section>\n\t\t\t\t<section class=\"elementor-section elementor-top-section elementor-element elementor-element-0199d47 elementor-section-boxed elementor-section-height-default elementor-section-height-default\" data-id=\"0199d47\" data-element_type=\"section\" data-e-type=\"section\">\n\t\t\t\t\t\t<div class=\"elementor-container elementor-column-gap-default\">\n\t\t\t\t\t<div class=\"elementor-column elementor-col-100 elementor-top-column elementor-element elementor-element-c7e3c41\" data-id=\"c7e3c41\" data-element_type=\"column\" data-e-type=\"column\">\n\t\t\t<div class=\"elementor-widget-wrap elementor-element-populated\">\n\t\t\t\t\t\t<div class=\"elementor-element elementor-element-1a2e7aa elementor-shape-rounded elementor-grid-0 e-grid-align-center elementor-widget elementor-widget-social-icons\" data-id=\"1a2e7aa\" data-element_type=\"widget\" data-e-type=\"widget\" data-widget_type=\"social-icons.default\">\n\t\t\t\t<div class=\"elementor-widget-container\">\n\t\t\t\t\t\t\t<div class=\"elementor-social-icons-wrapper elementor-grid\" role=\"list\">\n\t\t\t\t\t\t\t<span class=\"elementor-grid-item\" role=\"listitem\">\n\t\t\t\t\t<a class=\"elementor-icon elementor-social-icon elementor-social-icon-facebook elementor-repeater-item-cad03c2\" href=\"https:\/\/www.facebook.com\/babelpsi\" target=\"_blank\">\n\t\t\t\t\t\t<span class=\"elementor-screen-only\">Facebook<\/span>\n\t\t\t\t\t\t<i aria-hidden=\"true\" class=\"fab fa-facebook\"><\/i>\t\t\t\t\t<\/a>\n\t\t\t\t<\/span>\n\t\t\t\t\t\t\t<span class=\"elementor-grid-item\" role=\"listitem\">\n\t\t\t\t\t<a class=\"elementor-icon elementor-social-icon elementor-social-icon-instagram elementor-repeater-item-dff3b46\" href=\"https:\/\/www.instagram.com\/babelpsi\/\" target=\"_blank\">\n\t\t\t\t\t\t<span class=\"elementor-screen-only\">Instagram<\/span>\n\t\t\t\t\t\t<i aria-hidden=\"true\" class=\"fab fa-instagram\"><\/i>\t\t\t\t\t<\/a>\n\t\t\t\t<\/span>\n\t\t\t\t\t\t\t<span class=\"elementor-grid-item\" role=\"listitem\">\n\t\t\t\t\t<a class=\"elementor-icon elementor-social-icon elementor-social-icon-youtube elementor-repeater-item-1785e32\" href=\"https:\/\/www.youtube.com\/channel\/UCbzwNv0WgZ6ZO-AFNnNCIqg\" target=\"_blank\">\n\t\t\t\t\t\t<span class=\"elementor-screen-only\">Youtube<\/span>\n\t\t\t\t\t\t<i aria-hidden=\"true\" class=\"fab fa-youtube\"><\/i>\t\t\t\t\t<\/a>\n\t\t\t\t<\/span>\n\t\t\t\t\t<\/div>\n\t\t\t\t\t\t<\/div>\n\t\t\t\t<\/div>\n\t\t\t\t\t<\/div>\n\t\t<\/div>\n\t\t\t\t\t<\/div>\n\t\t<\/section>\n\t\t\t\t<section class=\"elementor-section elementor-top-section elementor-element elementor-element-ab1cdc3 elementor-section-boxed elementor-section-height-default elementor-section-height-default\" data-id=\"ab1cdc3\" data-element_type=\"section\" data-e-type=\"section\">\n\t\t\t\t\t\t<div class=\"elementor-container elementor-column-gap-default\">\n\t\t\t\t\t<div class=\"elementor-column elementor-col-100 elementor-top-column elementor-element elementor-element-cc98812\" data-id=\"cc98812\" data-element_type=\"column\" data-e-type=\"column\">\n\t\t\t<div class=\"elementor-widget-wrap elementor-element-populated\">\n\t\t\t\t\t\t<div class=\"elementor-element elementor-element-5a7cf27 elementor-widget elementor-widget-html\" data-id=\"5a7cf27\" data-element_type=\"widget\" data-e-type=\"widget\" data-widget_type=\"html.default\">\n\t\t\t\t<div class=\"elementor-widget-container\">\n\t\t\t\t\t<iframe width=\"540\" height=\"400\" src=\"https:\/\/c2c15368.sibforms.com\/serve\/MUIEANdlRsb1tHTyW8TDFwx3SPy5FNLM8QSr4U51ThSvqyGCdPpl83dv7RF2edVA8FJR0Zkqr4KJK2m43epmODs-G5XaIxYcYtiW8LuzbsCDYYeR6Ks8REQ5SXlygMGPKudZQisdtowSY8LzROsgWP9-8pNl6lsV9filzZyNSVdZt3Q2Cz67z8jtLUpH1iWKEnLBcfdmQX51aEFJ\" frameborder=\"0\" scrolling=\"auto\" allowfullscreen style=\"display: block;margin-left: auto;margin-right: auto;max-width: 100%;\"><\/iframe>\t\t\t\t<\/div>\n\t\t\t\t<\/div>\n\t\t\t\t\t<\/div>\n\t\t<\/div>\n\t\t\t\t\t<\/div>\n\t\t<\/section>\n\t\t\t\t<\/div>\n\t\t","protected":false},"excerpt":{"rendered":"<p>ISSN 2796-9940 Publicaci\u00f3n Institucional BabelPsi Publication institutionnelle BabelPsy Institutional publication BabelPsy Resonantia\u00a0es una revista digital institucional, interdisciplinaria y multiling\u00fce, de la Comunidad de Pr\u00e1ctica BabelPsi. Al igual que la Comunidad, sus temas de inter\u00e9s giran en torno a la\u00a0Diversidad Cultural, al\u00a0Multiling\u00fcismo\u00a0y al\u00a0Psicoan\u00e1lisis Multifamiliar. Surge con el objetivo de sumar un nuevo espacio cultural de valor [&hellip;]<\/p>\n","protected":false},"author":1,"featured_media":0,"parent":0,"menu_order":0,"comment_status":"closed","ping_status":"closed","template":"","meta":{"site-sidebar-layout":"no-sidebar","site-content-layout":"page-builder","ast-site-content-layout":"default","site-content-style":"default","site-sidebar-style":"default","ast-global-header-display":"","ast-banner-title-visibility":"","ast-main-header-display":"","ast-hfb-above-header-display":"","ast-hfb-below-header-display":"","ast-hfb-mobile-header-display":"","site-post-title":"disabled","ast-breadcrumbs-content":"disabled","ast-featured-img":"disabled","footer-sml-layout":"","ast-disable-related-posts":"","theme-transparent-header-meta":"enabled","adv-header-id-meta":"","stick-header-meta":"","header-above-stick-meta":"","header-main-stick-meta":"","header-below-stick-meta":"","astra-migrate-meta-layouts":"default","ast-page-background-enabled":"default","ast-page-background-meta":{"desktop":{"background-color":"","background-image":"","background-repeat":"repeat","background-position":"center center","background-size":"auto","background-attachment":"scroll","background-type":"","background-media":"","overlay-type":"","overlay-color":"","overlay-opacity":"","overlay-gradient":""},"tablet":{"background-color":"","background-image":"","background-repeat":"repeat","background-position":"center center","background-size":"auto","background-attachment":"scroll","background-type":"","background-media":"","overlay-type":"","overlay-color":"","overlay-opacity":"","overlay-gradient":""},"mobile":{"background-color":"","background-image":"","background-repeat":"repeat","background-position":"center center","background-size":"auto","background-attachment":"scroll","background-type":"","background-media":"","overlay-type":"","overlay-color":"","overlay-opacity":"","overlay-gradient":""}},"ast-content-background-meta":{"desktop":{"background-color":"var(--ast-global-color-5)","background-image":"","background-repeat":"repeat","background-position":"center center","background-size":"auto","background-attachment":"scroll","background-type":"","background-media":"","overlay-type":"","overlay-color":"","overlay-opacity":"","overlay-gradient":""},"tablet":{"background-color":"var(--ast-global-color-5)","background-image":"","background-repeat":"repeat","background-position":"center center","background-size":"auto","background-attachment":"scroll","background-type":"","background-media":"","overlay-type":"","overlay-color":"","overlay-opacity":"","overlay-gradient":""},"mobile":{"background-color":"var(--ast-global-color-5)","background-image":"","background-repeat":"repeat","background-position":"center center","background-size":"auto","background-attachment":"scroll","background-type":"","background-media":"","overlay-type":"","overlay-color":"","overlay-opacity":"","overlay-gradient":""}},"footnotes":""},"class_list":["post-181","page","type-page","status-publish","hentry"],"yoast_head":"<!-- This site is optimized with the Yoast SEO plugin v27.4 - https:\/\/yoast.com\/product\/yoast-seo-wordpress\/ -->\n<title>Home - Revista Resonantia<\/title>\n<meta name=\"robots\" content=\"index, follow, max-snippet:-1, max-image-preview:large, max-video-preview:-1\" \/>\n<link rel=\"canonical\" href=\"https:\/\/babelpsi.com\/resonantia\/\" \/>\n<meta property=\"og:locale\" content=\"es_ES\" \/>\n<meta property=\"og:type\" content=\"article\" \/>\n<meta property=\"og:title\" content=\"Home - Revista Resonantia\" \/>\n<meta property=\"og:description\" content=\"ISSN 2796-9940 Publicaci\u00f3n Institucional BabelPsi Publication institutionnelle BabelPsy Institutional publication BabelPsy Resonantia\u00a0es una revista digital institucional, interdisciplinaria y multiling\u00fce, de la Comunidad de Pr\u00e1ctica BabelPsi. Al igual que la Comunidad, sus temas de inter\u00e9s giran en torno a la\u00a0Diversidad Cultural, al\u00a0Multiling\u00fcismo\u00a0y al\u00a0Psicoan\u00e1lisis Multifamiliar. Surge con el objetivo de sumar un nuevo espacio cultural de valor [&hellip;]\" \/>\n<meta property=\"og:url\" content=\"https:\/\/babelpsi.com\/resonantia\/\" \/>\n<meta property=\"og:site_name\" content=\"Revista Resonantia\" \/>\n<meta property=\"article:publisher\" content=\"https:\/\/www.facebook.com\/babelpsi\" \/>\n<meta property=\"article:modified_time\" content=\"2022-07-19T13:20:36+00:00\" \/>\n<meta property=\"og:image\" content=\"https:\/\/babelpsi.com\/resonantia\/wp-content\/uploads\/2022\/05\/Revista_1.png\" \/>\n<meta name=\"twitter:card\" content=\"summary_large_image\" \/>\n<meta name=\"twitter:label1\" content=\"Tiempo de lectura\" \/>\n\t<meta name=\"twitter:data1\" content=\"3 minutos\" \/>\n<script type=\"application\/ld+json\" class=\"yoast-schema-graph\">{\"@context\":\"https:\\\/\\\/schema.org\",\"@graph\":[{\"@type\":\"WebPage\",\"@id\":\"https:\\\/\\\/babelpsi.com\\\/resonantia\\\/\",\"url\":\"https:\\\/\\\/babelpsi.com\\\/resonantia\\\/\",\"name\":\"Home - Revista Resonantia\",\"isPartOf\":{\"@id\":\"https:\\\/\\\/babelpsi.com\\\/resonantia\\\/#website\"},\"primaryImageOfPage\":{\"@id\":\"https:\\\/\\\/babelpsi.com\\\/resonantia\\\/#primaryimage\"},\"image\":{\"@id\":\"https:\\\/\\\/babelpsi.com\\\/resonantia\\\/#primaryimage\"},\"thumbnailUrl\":\"https:\\\/\\\/babelpsi.com\\\/resonantia\\\/wp-content\\\/uploads\\\/2022\\\/05\\\/Revista_1.png\",\"datePublished\":\"2020-05-07T07:10:07+00:00\",\"dateModified\":\"2022-07-19T13:20:36+00:00\",\"breadcrumb\":{\"@id\":\"https:\\\/\\\/babelpsi.com\\\/resonantia\\\/#breadcrumb\"},\"inLanguage\":\"es\",\"potentialAction\":[{\"@type\":\"ReadAction\",\"target\":[\"https:\\\/\\\/babelpsi.com\\\/resonantia\\\/\"]}]},{\"@type\":\"ImageObject\",\"inLanguage\":\"es\",\"@id\":\"https:\\\/\\\/babelpsi.com\\\/resonantia\\\/#primaryimage\",\"url\":\"https:\\\/\\\/babelpsi.com\\\/resonantia\\\/wp-content\\\/uploads\\\/2022\\\/05\\\/Revista_1.png\",\"contentUrl\":\"https:\\\/\\\/babelpsi.com\\\/resonantia\\\/wp-content\\\/uploads\\\/2022\\\/05\\\/Revista_1.png\",\"width\":1142,\"height\":1700},{\"@type\":\"BreadcrumbList\",\"@id\":\"https:\\\/\\\/babelpsi.com\\\/resonantia\\\/#breadcrumb\",\"itemListElement\":[{\"@type\":\"ListItem\",\"position\":1,\"name\":\"Portada\",\"item\":\"https:\\\/\\\/babelpsi.com\\\/resonantia\\\/\"},{\"@type\":\"ListItem\",\"position\":2,\"name\":\"Home\"}]},{\"@type\":\"WebSite\",\"@id\":\"https:\\\/\\\/babelpsi.com\\\/resonantia\\\/#website\",\"url\":\"https:\\\/\\\/babelpsi.com\\\/resonantia\\\/\",\"name\":\"Revista Resonantia\",\"description\":\"Revista Institucional BabelPsi\",\"publisher\":{\"@id\":\"https:\\\/\\\/babelpsi.com\\\/resonantia\\\/#organization\"},\"potentialAction\":[{\"@type\":\"SearchAction\",\"target\":{\"@type\":\"EntryPoint\",\"urlTemplate\":\"https:\\\/\\\/babelpsi.com\\\/resonantia\\\/?s={search_term_string}\"},\"query-input\":{\"@type\":\"PropertyValueSpecification\",\"valueRequired\":true,\"valueName\":\"search_term_string\"}}],\"inLanguage\":\"es\"},{\"@type\":\"Organization\",\"@id\":\"https:\\\/\\\/babelpsi.com\\\/resonantia\\\/#organization\",\"name\":\"BabelPsi\",\"url\":\"https:\\\/\\\/babelpsi.com\\\/resonantia\\\/\",\"logo\":{\"@type\":\"ImageObject\",\"inLanguage\":\"es\",\"@id\":\"https:\\\/\\\/babelpsi.com\\\/resonantia\\\/#\\\/schema\\\/logo\\\/image\\\/\",\"url\":\"https:\\\/\\\/babelpsi.com\\\/resonantia\\\/wp-content\\\/uploads\\\/2022\\\/05\\\/Recurso-4.png\",\"contentUrl\":\"https:\\\/\\\/babelpsi.com\\\/resonantia\\\/wp-content\\\/uploads\\\/2022\\\/05\\\/Recurso-4.png\",\"width\":1996,\"height\":469,\"caption\":\"BabelPsi\"},\"image\":{\"@id\":\"https:\\\/\\\/babelpsi.com\\\/resonantia\\\/#\\\/schema\\\/logo\\\/image\\\/\"},\"sameAs\":[\"https:\\\/\\\/www.facebook.com\\\/babelpsi\",\"https:\\\/\\\/www.instagram.com\\\/babelpsi\\\/\",\"https:\\\/\\\/www.youtube.com\\\/@babelpsi8070\",\"https:\\\/\\\/www.linkedin.com\\\/showcase\\\/revista-resonantia\"]}]}<\/script>\n<!-- \/ Yoast SEO plugin. -->","yoast_head_json":{"title":"Home - Revista Resonantia","robots":{"index":"index","follow":"follow","max-snippet":"max-snippet:-1","max-image-preview":"max-image-preview:large","max-video-preview":"max-video-preview:-1"},"canonical":"https:\/\/babelpsi.com\/resonantia\/","og_locale":"es_ES","og_type":"article","og_title":"Home - Revista Resonantia","og_description":"ISSN 2796-9940 Publicaci\u00f3n Institucional BabelPsi Publication institutionnelle BabelPsy Institutional publication BabelPsy Resonantia\u00a0es una revista digital institucional, interdisciplinaria y multiling\u00fce, de la Comunidad de Pr\u00e1ctica BabelPsi. Al igual que la Comunidad, sus temas de inter\u00e9s giran en torno a la\u00a0Diversidad Cultural, al\u00a0Multiling\u00fcismo\u00a0y al\u00a0Psicoan\u00e1lisis Multifamiliar. Surge con el objetivo de sumar un nuevo espacio cultural de valor [&hellip;]","og_url":"https:\/\/babelpsi.com\/resonantia\/","og_site_name":"Revista Resonantia","article_publisher":"https:\/\/www.facebook.com\/babelpsi","article_modified_time":"2022-07-19T13:20:36+00:00","og_image":[{"url":"https:\/\/babelpsi.com\/resonantia\/wp-content\/uploads\/2022\/05\/Revista_1.png","type":"","width":"","height":""}],"twitter_card":"summary_large_image","twitter_misc":{"Tiempo de lectura":"3 minutos"},"schema":{"@context":"https:\/\/schema.org","@graph":[{"@type":"WebPage","@id":"https:\/\/babelpsi.com\/resonantia\/","url":"https:\/\/babelpsi.com\/resonantia\/","name":"Home - Revista Resonantia","isPartOf":{"@id":"https:\/\/babelpsi.com\/resonantia\/#website"},"primaryImageOfPage":{"@id":"https:\/\/babelpsi.com\/resonantia\/#primaryimage"},"image":{"@id":"https:\/\/babelpsi.com\/resonantia\/#primaryimage"},"thumbnailUrl":"https:\/\/babelpsi.com\/resonantia\/wp-content\/uploads\/2022\/05\/Revista_1.png","datePublished":"2020-05-07T07:10:07+00:00","dateModified":"2022-07-19T13:20:36+00:00","breadcrumb":{"@id":"https:\/\/babelpsi.com\/resonantia\/#breadcrumb"},"inLanguage":"es","potentialAction":[{"@type":"ReadAction","target":["https:\/\/babelpsi.com\/resonantia\/"]}]},{"@type":"ImageObject","inLanguage":"es","@id":"https:\/\/babelpsi.com\/resonantia\/#primaryimage","url":"https:\/\/babelpsi.com\/resonantia\/wp-content\/uploads\/2022\/05\/Revista_1.png","contentUrl":"https:\/\/babelpsi.com\/resonantia\/wp-content\/uploads\/2022\/05\/Revista_1.png","width":1142,"height":1700},{"@type":"BreadcrumbList","@id":"https:\/\/babelpsi.com\/resonantia\/#breadcrumb","itemListElement":[{"@type":"ListItem","position":1,"name":"Portada","item":"https:\/\/babelpsi.com\/resonantia\/"},{"@type":"ListItem","position":2,"name":"Home"}]},{"@type":"WebSite","@id":"https:\/\/babelpsi.com\/resonantia\/#website","url":"https:\/\/babelpsi.com\/resonantia\/","name":"Revista Resonantia","description":"Revista Institucional BabelPsi","publisher":{"@id":"https:\/\/babelpsi.com\/resonantia\/#organization"},"potentialAction":[{"@type":"SearchAction","target":{"@type":"EntryPoint","urlTemplate":"https:\/\/babelpsi.com\/resonantia\/?s={search_term_string}"},"query-input":{"@type":"PropertyValueSpecification","valueRequired":true,"valueName":"search_term_string"}}],"inLanguage":"es"},{"@type":"Organization","@id":"https:\/\/babelpsi.com\/resonantia\/#organization","name":"BabelPsi","url":"https:\/\/babelpsi.com\/resonantia\/","logo":{"@type":"ImageObject","inLanguage":"es","@id":"https:\/\/babelpsi.com\/resonantia\/#\/schema\/logo\/image\/","url":"https:\/\/babelpsi.com\/resonantia\/wp-content\/uploads\/2022\/05\/Recurso-4.png","contentUrl":"https:\/\/babelpsi.com\/resonantia\/wp-content\/uploads\/2022\/05\/Recurso-4.png","width":1996,"height":469,"caption":"BabelPsi"},"image":{"@id":"https:\/\/babelpsi.com\/resonantia\/#\/schema\/logo\/image\/"},"sameAs":["https:\/\/www.facebook.com\/babelpsi","https:\/\/www.instagram.com\/babelpsi\/","https:\/\/www.youtube.com\/@babelpsi8070","https:\/\/www.linkedin.com\/showcase\/revista-resonantia"]}]}},"_links":{"self":[{"href":"https:\/\/babelpsi.com\/resonantia\/wp-json\/wp\/v2\/pages\/181","targetHints":{"allow":["GET"]}}],"collection":[{"href":"https:\/\/babelpsi.com\/resonantia\/wp-json\/wp\/v2\/pages"}],"about":[{"href":"https:\/\/babelpsi.com\/resonantia\/wp-json\/wp\/v2\/types\/page"}],"author":[{"embeddable":true,"href":"https:\/\/babelpsi.com\/resonantia\/wp-json\/wp\/v2\/users\/1"}],"replies":[{"embeddable":true,"href":"https:\/\/babelpsi.com\/resonantia\/wp-json\/wp\/v2\/comments?post=181"}],"version-history":[{"count":35,"href":"https:\/\/babelpsi.com\/resonantia\/wp-json\/wp\/v2\/pages\/181\/revisions"}],"predecessor-version":[{"id":741,"href":"https:\/\/babelpsi.com\/resonantia\/wp-json\/wp\/v2\/pages\/181\/revisions\/741"}],"wp:attachment":[{"href":"https:\/\/babelpsi.com\/resonantia\/wp-json\/wp\/v2\/media?parent=181"}],"curies":[{"name":"wp","href":"https:\/\/api.w.org\/{rel}","templated":true}]}}